{"id":494,"date":"2025-05-30T10:36:42","date_gmt":"2025-05-30T10:36:42","guid":{"rendered":"https:\/\/deepbrainreorienting.se\/about\/"},"modified":"2025-06-04T13:10:52","modified_gmt":"2025-06-04T13:10:52","slug":"deep-brain-reorienting-dbr","status":"publish","type":"page","link":"https:\/\/deepbrainreorienting.se\/en\/deep-brain-reorienting-dbr\/","title":{"rendered":"Deep Brain Reorienting (DBR)\u00ae"},"content":{"rendered":"<div data-elementor-type=\"wp-page\" data-elementor-id=\"494\" class=\"elementor elementor-494\" data-elementor-post-type=\"page\">\n\t\t\t\t<div class=\"elementor-element elementor-element-0564adf e-flex e-con-boxed e-con e-parent\" data-id=\"0564adf\" data-element_type=\"container\" data-e-type=\"container\" data-settings=\"{&quot;background_background&quot;:&quot;classic&quot;}\">\n\t\t\t\t\t<div class=\"e-con-inner\">\n\t\t<div class=\"elementor-element elementor-element-abf99e5 e-con-full e-flex e-con e-child\" data-id=\"abf99e5\" data-element_type=\"container\" data-e-type=\"container\">\n\t\t\t\t<div class=\"elementor-element elementor-element-944f647 elementor-widget elementor-widget-heading\" data-id=\"944f647\" data-element_type=\"widget\" data-e-type=\"widget\" data-widget_type=\"heading.default\">\n\t\t\t\t<div class=\"elementor-widget-container\">\n\t\t\t\t\t<h1 class=\"elementor-heading-title elementor-size-default\">Deep Brain Reorienting (DBR)\u00ae<\/h1>\t\t\t\t<\/div>\n\t\t\t\t<\/div>\n\t\t\t\t<div class=\"elementor-element elementor-element-40a0a2f elementor-widget elementor-widget-text-editor\" data-id=\"40a0a2f\" data-element_type=\"widget\" data-e-type=\"widget\" data-widget_type=\"text-editor.default\">\n\t\t\t\t<div class=\"elementor-widget-container\">\n\t\t\t\t\t\t\t\t\t<p>Deep Brain Reorienting (DBR)\u00ae is a trauma therapy which aims to access and process traumatic experiences that have given rise to various symptoms and suffering. The treatment traces and maps the original sequence of physiological reactions that occurred when structures in the brain stem were alerted to threat or attachment disruption.<\/p>\t\t\t\t\t\t\t\t<\/div>\n\t\t\t\t<\/div>\n\t\t\t\t<\/div>\n\t\t\t\t\t<\/div>\n\t\t\t\t<\/div>\n\t\t<div class=\"elementor-element elementor-element-2aff809 e-flex e-con-boxed e-con e-parent\" data-id=\"2aff809\" data-element_type=\"container\" data-e-type=\"container\">\n\t\t\t\t\t<div class=\"e-con-inner\">\n\t\t<div class=\"elementor-element elementor-element-d1ac258 e-con-full e-flex e-con e-child\" data-id=\"d1ac258\" data-element_type=\"container\" data-e-type=\"container\">\n\t\t<div class=\"elementor-element elementor-element-a0d8a4f e-con-full e-flex e-con e-child\" data-id=\"a0d8a4f\" data-element_type=\"container\" data-e-type=\"container\">\n\t\t\t\t<div class=\"elementor-element elementor-element-44cc074 elementor-widget elementor-widget-video\" data-id=\"44cc074\" data-element_type=\"widget\" data-e-type=\"widget\" data-settings=\"{&quot;video_type&quot;:&quot;vimeo&quot;,&quot;start&quot;:1}\" data-widget_type=\"video.default\">\n\t\t\t\t<div class=\"elementor-widget-container\">\n\t\t\t\t\t\t\t<div class=\"elementor-wrapper elementor-open-inline\">\n\t\t\t<iframe class=\"elementor-video-iframe\" allowfullscreen allow=\"clipboard-write\" title=\"vimeo Video Player\" src=\"https:\/\/player.vimeo.com\/video\/998224928?color&amp;autopause=0&amp;loop=0&amp;muted=0&amp;title=1&amp;portrait=1&amp;byline=1#t=00h00m01s\" data-no-translation-title=\"\"><\/iframe>\t\t<\/div>\n\t\t\t\t\t\t<\/div>\n\t\t\t\t<\/div>\n\t\t\t\t<\/div>\n\t\t<div class=\"elementor-element elementor-element-59b9a8b e-con-full e-flex e-con e-child\" data-id=\"59b9a8b\" data-element_type=\"container\" data-e-type=\"container\">\n\t\t<div class=\"elementor-element elementor-element-6b52618 e-con-full e-flex e-con e-child\" data-id=\"6b52618\" data-element_type=\"container\" data-e-type=\"container\">\n\t\t\t\t<div class=\"elementor-element elementor-element-0f7a9c7 elementor-widget elementor-widget-heading\" data-id=\"0f7a9c7\" data-element_type=\"widget\" data-e-type=\"widget\" data-widget_type=\"heading.default\">\n\t\t\t\t<div class=\"elementor-widget-container\">\n\t\t\t\t\t<h2 class=\"elementor-heading-title elementor-size-default\">What is DBR?<\/h2>\t\t\t\t<\/div>\n\t\t\t\t<\/div>\n\t\t\t\t<\/div>\n\t\t<div class=\"elementor-element elementor-element-30636ca e-con-full e-flex e-con e-child\" data-id=\"30636ca\" data-element_type=\"container\" data-e-type=\"container\">\n\t\t\t\t<div class=\"elementor-element elementor-element-854a397 elementor-widget-divider--view-line elementor-widget elementor-widget-divider\" data-id=\"854a397\" data-element_type=\"widget\" data-e-type=\"widget\" data-widget_type=\"divider.default\">\n\t\t\t\t<div class=\"elementor-widget-container\">\n\t\t\t\t\t\t\t<div class=\"elementor-divider\">\n\t\t\t<span class=\"elementor-divider-separator\">\n\t\t\t\t\t\t<\/span>\n\t\t<\/div>\n\t\t\t\t\t\t<\/div>\n\t\t\t\t<\/div>\n\t\t\t\t<div class=\"elementor-element elementor-element-1bf4675 elementor-widget elementor-widget-text-editor\" data-id=\"1bf4675\" data-element_type=\"widget\" data-e-type=\"widget\" data-widget_type=\"text-editor.default\">\n\t\t\t\t<div class=\"elementor-widget-container\">\n\t\t\t\t\t\t\t\t\t<p>The uniqueness of DBR is that it realizes a natural healing process that is consistent with the evolutionary process of brain and nervous system development.<\/p>\t\t\t\t\t\t\t\t<\/div>\n\t\t\t\t<\/div>\n\t\t\t\t<div class=\"elementor-element elementor-element-47db7fb elementor-align-left elementor-mobile-align-justify elementor-widget elementor-widget-button\" data-id=\"47db7fb\" data-element_type=\"widget\" data-e-type=\"widget\" data-widget_type=\"button.default\">\n\t\t\t\t<div class=\"elementor-widget-container\">\n\t\t\t\t\t\t\t\t\t<div class=\"elementor-button-wrapper\">\n\t\t\t\t\t<a class=\"elementor-button elementor-button-link elementor-size-sm\" href=\"https:\/\/deepbrainreorienting.com\/dbr-theory-videos\/\" target=\"_blank\">\n\t\t\t\t\t\t<span class=\"elementor-button-content-wrapper\">\n\t\t\t\t\t\t<span class=\"elementor-button-icon\">\n\t\t\t\t<svg xmlns=\"http:\/\/www.w3.org\/2000\/svg\" viewbox=\"0 0 2048 2048\"><path d=\"M6.125 1088h1797.89l-402.976 403 89.994 90L2048 1024l-556.966-557-89.994 90 402.976 403H6.125v128z\"><\/path><\/svg>\t\t\t<\/span>\n\t\t\t\t\t\t\t\t\t<span class=\"elementor-button-text\">See more videos about DBR<\/span>\n\t\t\t\t\t<\/span>\n\t\t\t\t\t<\/a>\n\t\t\t\t<\/div>\n\t\t\t\t\t\t\t\t<\/div>\n\t\t\t\t<\/div>\n\t\t\t\t<\/div>\n\t\t\t\t<\/div>\n\t\t\t\t<\/div>\n\t\t\t\t\t<\/div>\n\t\t\t\t<\/div>\n\t\t<div class=\"elementor-element elementor-element-16c5197 e-flex e-con-boxed e-con e-parent\" data-id=\"16c5197\" data-element_type=\"container\" data-e-type=\"container\">\n\t\t\t\t\t<div class=\"e-con-inner\">\n\t\t<div class=\"elementor-element elementor-element-4c0e24e e-con-full e-flex e-con e-child\" data-id=\"4c0e24e\" data-element_type=\"container\" data-e-type=\"container\">\n\t\t<div class=\"elementor-element elementor-element-665e527 e-con-full e-flex e-con e-child\" data-id=\"665e527\" data-element_type=\"container\" data-e-type=\"container\">\n\t\t<div class=\"elementor-element elementor-element-5c8ffee e-con-full e-flex e-con e-child\" data-id=\"5c8ffee\" data-element_type=\"container\" data-e-type=\"container\">\n\t\t\t\t<div class=\"elementor-element elementor-element-a7a06b3 elementor-widget elementor-widget-image\" data-id=\"a7a06b3\" data-element_type=\"widget\" data-e-type=\"widget\" data-widget_type=\"image.default\">\n\t\t\t\t<div class=\"elementor-widget-container\">\n\t\t\t\t\t\t\t\t\t\t\t\t\t\t\t<img fetchpriority=\"high\" decoding=\"async\" width=\"1319\" height=\"2370\" src=\"https:\/\/deepbrainreorienting.se\/wp-content\/uploads\/2025\/05\/IMG_35771.jpg\" class=\"attachment-full size-full wp-image-1293\" alt=\"\" srcset=\"https:\/\/deepbrainreorienting.se\/wp-content\/uploads\/2025\/05\/IMG_35771.jpg 1319w, https:\/\/deepbrainreorienting.se\/wp-content\/uploads\/2025\/05\/IMG_35771-167x300.jpg 167w, https:\/\/deepbrainreorienting.se\/wp-content\/uploads\/2025\/05\/IMG_35771-570x1024.jpg 570w, https:\/\/deepbrainreorienting.se\/wp-content\/uploads\/2025\/05\/IMG_35771-768x1380.jpg 768w, https:\/\/deepbrainreorienting.se\/wp-content\/uploads\/2025\/05\/IMG_35771-855x1536.jpg 855w, https:\/\/deepbrainreorienting.se\/wp-content\/uploads\/2025\/05\/IMG_35771-1140x2048.jpg 1140w\" sizes=\"(max-width: 1319px) 100vw, 1319px\" \/>\t\t\t\t\t\t\t\t\t\t\t\t\t\t\t<\/div>\n\t\t\t\t<\/div>\n\t\t\t\t<\/div>\n\t\t<div class=\"elementor-element elementor-element-c344e4f e-con-full e-flex e-con e-child\" data-id=\"c344e4f\" data-element_type=\"container\" data-e-type=\"container\">\n\t\t\t\t<div class=\"elementor-element elementor-element-4267e90 elementor-widget-divider--view-line elementor-widget elementor-widget-divider\" data-id=\"4267e90\" data-element_type=\"widget\" data-e-type=\"widget\" data-widget_type=\"divider.default\">\n\t\t\t\t<div class=\"elementor-widget-container\">\n\t\t\t\t\t\t\t<div class=\"elementor-divider\">\n\t\t\t<span class=\"elementor-divider-separator\">\n\t\t\t\t\t\t<\/span>\n\t\t<\/div>\n\t\t\t\t\t\t<\/div>\n\t\t\t\t<\/div>\n\t\t\t\t<div class=\"elementor-element elementor-element-6863d1d elementor-widget elementor-widget-heading\" data-id=\"6863d1d\" data-element_type=\"widget\" data-e-type=\"widget\" data-widget_type=\"heading.default\">\n\t\t\t\t<div class=\"elementor-widget-container\">\n\t\t\t\t\t<h2 class=\"elementor-heading-title elementor-size-default\">DBR Background\n<\/h2>\t\t\t\t<\/div>\n\t\t\t\t<\/div>\n\t\t\t\t<div class=\"elementor-element elementor-element-813bb95 elementor-widget elementor-widget-text-editor\" data-id=\"813bb95\" data-element_type=\"widget\" data-e-type=\"widget\" data-widget_type=\"text-editor.default\">\n\t\t\t\t<div class=\"elementor-widget-container\">\n\t\t\t\t\t\t\t\t\t<p>Deep Brain Reorienting (DBR)\u00ae was developed by Dr. Frank Corrigan to treat shock after attachment loss\/injury but is also used to process other unresolved traumatic experiences that an individual may encounter in life.<\/p>\t\t\t\t\t\t\t\t<\/div>\n\t\t\t\t<\/div>\n\t\t\t\t<div class=\"elementor-element elementor-element-72bae13 elementor-widget elementor-widget-text-editor\" data-id=\"72bae13\" data-element_type=\"widget\" data-e-type=\"widget\" data-widget_type=\"text-editor.default\">\n\t\t\t\t<div class=\"elementor-widget-container\">\n\t\t\t\t\t\t\t\t\t<p>The indication that one or more past events continue to have an impact is that there are clinically significant symptoms that would not have been present if the experiences had not occurred. These painful experiences have been stored deep in the brain, specifically in the brainstem and can lead to symptoms associated with PTSD \/CPTSD. DBR aims to get to the core of the traumatic experience by following the original physiological sequence in the brainstem that occurs with immediacy in response to threat and\/or attachment damage. This can occur, for example, in the case of an experience of abandonment in infancy, which in itself can lead to a fear of not surviving.<\/p>\t\t\t\t\t\t\t\t<\/div>\n\t\t\t\t<\/div>\n\t\t\t\t<div class=\"elementor-element elementor-element-6470027 elementor-align-left elementor-mobile-align-justify elementor-widget elementor-widget-button\" data-id=\"6470027\" data-element_type=\"widget\" data-e-type=\"widget\" data-widget_type=\"button.default\">\n\t\t\t\t<div class=\"elementor-widget-container\">\n\t\t\t\t\t\t\t\t\t<div class=\"elementor-button-wrapper\">\n\t\t\t\t\t<a class=\"elementor-button elementor-button-link elementor-size-sm\" href=\"http:\/\/deepbrainreorienting.com\" target=\"_blank\">\n\t\t\t\t\t\t<span class=\"elementor-button-content-wrapper\">\n\t\t\t\t\t\t<span class=\"elementor-button-icon\">\n\t\t\t\t<svg xmlns=\"http:\/\/www.w3.org\/2000\/svg\" viewbox=\"0 0 2048 2048\"><path d=\"M6.125 1088h1797.89l-402.976 403 89.994 90L2048 1024l-556.966-557-89.994 90 402.976 403H6.125v128z\"><\/path><\/svg>\t\t\t<\/span>\n\t\t\t\t\t\t\t\t\t<span class=\"elementor-button-text\">Read more about DBR<\/span>\n\t\t\t\t\t<\/span>\n\t\t\t\t\t<\/a>\n\t\t\t\t<\/div>\n\t\t\t\t\t\t\t\t<\/div>\n\t\t\t\t<\/div>\n\t\t\t\t<\/div>\n\t\t\t\t<\/div>\n\t\t\t\t<\/div>\n\t\t\t\t\t<\/div>\n\t\t\t\t<\/div>\n\t\t<div class=\"elementor-element elementor-element-35f675fc e-flex e-con-boxed e-con e-parent\" data-id=\"35f675fc\" data-element_type=\"container\" data-e-type=\"container\" data-settings=\"{&quot;background_background&quot;:&quot;classic&quot;}\">\n\t\t\t\t\t<div class=\"e-con-inner\">\n\t\t<div class=\"elementor-element elementor-element-69b4283a e-con-full e-flex e-con e-child\" data-id=\"69b4283a\" data-element_type=\"container\" data-e-type=\"container\">\n\t\t\t\t<div class=\"elementor-element elementor-element-de44c13 elementor-widget elementor-widget-heading\" data-id=\"de44c13\" data-element_type=\"widget\" data-e-type=\"widget\" data-widget_type=\"heading.default\">\n\t\t\t\t<div class=\"elementor-widget-container\">\n\t\t\t\t\t<h2 class=\"elementor-heading-title elementor-size-default\">DBR Publications<\/h2>\t\t\t\t<\/div>\n\t\t\t\t<\/div>\n\t\t\t\t<div class=\"elementor-element elementor-element-49c0fb5f elementor-widget elementor-widget-text-editor\" data-id=\"49c0fb5f\" data-element_type=\"widget\" data-e-type=\"widget\" data-widget_type=\"text-editor.default\">\n\t\t\t\t<div class=\"elementor-widget-container\">\n\t\t\t\t\t\t\t\t\t<p>The first study on DBR conducted by Dr. Ruth Lanius' team was published in 2023. The results showed significant symptom improvements in people with PTSD, and after receiving DBR therapy, many participants no longer met the criteria for a PTSD diagnosis.<\/p>\t\t\t\t\t\t\t\t<\/div>\n\t\t\t\t<\/div>\n\t\t<div class=\"elementor-element elementor-element-4ee4f108 e-con-full e-flex e-con e-child\" data-id=\"4ee4f108\" data-element_type=\"container\" data-e-type=\"container\">\n\t\t<div class=\"elementor-element elementor-element-26722807 e-con-full e-flex e-con e-child\" data-id=\"26722807\" data-element_type=\"container\" data-e-type=\"container\">\n\t\t\t\t<div class=\"elementor-element elementor-element-57c1ef7e elementor-position-top elementor-position-top elementor-widget elementor-widget-image-box\" data-id=\"57c1ef7e\" data-element_type=\"widget\" data-e-type=\"widget\" data-widget_type=\"image-box.default\">\n\t\t\t\t<div class=\"elementor-widget-container\">\n\t\t\t\t\t<div class=\"elementor-image-box-wrapper\"><figure class=\"elementor-image-box-img\"><img decoding=\"async\" width=\"200\" height=\"266\" src=\"https:\/\/deepbrainreorienting.se\/wp-content\/uploads\/2025\/05\/till-Alexander-_hemsida-.jpeg\" class=\"attachment-full size-full wp-image-1313\" alt=\"\" \/><\/figure><div class=\"elementor-image-box-content\"><h4 class=\"elementor-image-box-title\">A randomized controlled trial of Deep Brain Reorienting<\/h4><p class=\"elementor-image-box-description\">Published online August 15 by European Journal of\nPsychotraumatology. Volume 14, 2023 - Issue 2<\/p><\/div><\/div>\t\t\t\t<\/div>\n\t\t\t\t<\/div>\n\t\t\t\t<div class=\"elementor-element elementor-element-31d66a15 elementor-align-center elementor-mobile-align-left elementor-widget elementor-widget-button\" data-id=\"31d66a15\" data-element_type=\"widget\" data-e-type=\"widget\" data-widget_type=\"button.default\">\n\t\t\t\t<div class=\"elementor-widget-container\">\n\t\t\t\t\t\t\t\t\t<div class=\"elementor-button-wrapper\">\n\t\t\t\t\t<a class=\"elementor-button elementor-button-link elementor-size-sm\" href=\"https:\/\/deepbrainreorienting.com\/wp-content\/uploads\/2024\/07\/Kearney-etal-%202023-A-randomized-controlled-trial-of-Deep-Brain-Reorienting-a-neuroscientificallyguided-%20treatment-for-post-traumatic-stress-disorder20.pdf\" target=\"_blank\">\n\t\t\t\t\t\t<span class=\"elementor-button-content-wrapper\">\n\t\t\t\t\t\t<span class=\"elementor-button-icon\">\n\t\t\t\t<svg xmlns=\"http:\/\/www.w3.org\/2000\/svg\" viewbox=\"0 0 2048 2048\"><path d=\"M6.125 1088h1797.89l-402.976 403 89.994 90L2048 1024l-556.966-557-89.994 90 402.976 403H6.125v128z\"><\/path><\/svg>\t\t\t<\/span>\n\t\t\t\t\t\t\t\t\t<span class=\"elementor-button-text\">Read more<\/span>\n\t\t\t\t\t<\/span>\n\t\t\t\t\t<\/a>\n\t\t\t\t<\/div>\n\t\t\t\t\t\t\t\t<\/div>\n\t\t\t\t<\/div>\n\t\t\t\t<\/div>\n\t\t<div class=\"elementor-element elementor-element-55361cb e-con-full e-flex e-con e-child\" data-id=\"55361cb\" data-element_type=\"container\" data-e-type=\"container\">\n\t\t\t\t<div class=\"elementor-element elementor-element-5973336c elementor-position-top elementor-widget elementor-widget-image-box\" data-id=\"5973336c\" data-element_type=\"widget\" data-e-type=\"widget\" data-widget_type=\"image-box.default\">\n\t\t\t\t<div class=\"elementor-widget-container\">\n\t\t\t\t\t<div class=\"elementor-image-box-wrapper\"><figure class=\"elementor-image-box-img\"><a href=\"http:\/\/Bok%20om%20ny%20behandlingsmetod%20inom%20psykotraumatologi\" tabindex=\"-1\"><img decoding=\"async\" width=\"179\" height=\"269\" src=\"https:\/\/deepbrainreorienting.se\/wp-content\/uploads\/2025\/05\/till-Alexander-_hemsida-2.jpeg\" class=\"attachment-full size-full wp-image-1312\" alt=\"\" \/><\/a><\/figure><div class=\"elementor-image-box-content\"><h4 class=\"elementor-image-box-title\"><a href=\"http:\/\/Bok%20om%20ny%20behandlingsmetod%20inom%20psykotraumatologi\">The book<\/a><\/h4><p class=\"elementor-image-box-description\">The first book about DBR was released at the end of 2024. Sebern Fisher, Trauma and Neurofeedback therapist, writes in his review of the book, among other things, that DBR enables a conversation with the unconscious by focusing on the role of the brainstem in trauma. <\/p><\/div><\/div>\t\t\t\t<\/div>\n\t\t\t\t<\/div>\n\t\t\t\t<div class=\"elementor-element elementor-element-6009dec elementor-align-center elementor-mobile-align-left elementor-widget elementor-widget-button\" data-id=\"6009dec\" data-element_type=\"widget\" data-e-type=\"widget\" data-widget_type=\"button.default\">\n\t\t\t\t<div class=\"elementor-widget-container\">\n\t\t\t\t\t\t\t\t\t<div class=\"elementor-button-wrapper\">\n\t\t\t\t\t<a class=\"elementor-button elementor-button-link elementor-size-sm\" href=\"http:\/\/Bok%20om%20ny%20behandlingsmetod%20inom%20psykotraumatologi\" target=\"_blank\">\n\t\t\t\t\t\t<span class=\"elementor-button-content-wrapper\">\n\t\t\t\t\t\t<span class=\"elementor-button-icon\">\n\t\t\t\t<svg xmlns=\"http:\/\/www.w3.org\/2000\/svg\" viewbox=\"0 0 2048 2048\"><path d=\"M6.125 1088h1797.89l-402.976 403 89.994 90L2048 1024l-556.966-557-89.994 90 402.976 403H6.125v128z\"><\/path><\/svg>\t\t\t<\/span>\n\t\t\t\t\t\t\t\t\t<span class=\"elementor-button-text\">A nice review in Swedish by Hans Peter S\u00f6ndergaard can be read in L\u00e4kartidningen<\/span>\n\t\t\t\t\t<\/span>\n\t\t\t\t\t<\/a>\n\t\t\t\t<\/div>\n\t\t\t\t\t\t\t\t<\/div>\n\t\t\t\t<\/div>\n\t\t\t\t<\/div>\n\t\t\t\t<\/div>\n\t\t<div class=\"elementor-element elementor-element-2544de48 e-con-full e-flex e-con e-child\" data-id=\"2544de48\" data-element_type=\"container\" data-e-type=\"container\">\n\t\t<div class=\"elementor-element elementor-element-295fef37 e-con-full e-flex e-con e-child\" data-id=\"295fef37\" data-element_type=\"container\" data-e-type=\"container\" data-settings=\"{&quot;background_background&quot;:&quot;classic&quot;}\">\n\t\t\t\t<div class=\"elementor-element elementor-element-1e5a0c75 elementor-widget elementor-widget-text-editor\" data-id=\"1e5a0c75\" data-element_type=\"widget\" data-e-type=\"widget\" data-widget_type=\"text-editor.default\">\n\t\t\t\t<div class=\"elementor-widget-container\">\n\t\t\t\t\t\t\t\t\t<p>\u00a0<strong>Dr. Ruth Lanius on the DBR:<br \/><\/strong>\"Given what we now know about the neurobiology of PTSD and how the brain processes shock and traumatic experiences, it's very important that we integrate neuroscientifically-guided therapies into PTSD treatment. DBR is one such treatment.<\/p><p>DBR is a neuroscience-based treatment for PTSD that targets the sequence of events that occurred in the brainstem at the time of the traumatic event.<\/p><p>The sequence of events at the time of the initial shock during a traumatic event occurs through 3 areas of the brain in the brainstem and the midbrain: the superior colliculus, locus coeruleus, and periaqueductal gray.\"<\/p>\t\t\t\t\t\t\t\t<\/div>\n\t\t\t\t<\/div>\n\t\t\t\t<\/div>\n\t\t\t\t<\/div>\n\t\t\t\t<\/div>\n\t\t\t\t\t<\/div>\n\t\t\t\t<\/div>\n\t\t\t\t<\/div>","protected":false},"excerpt":{"rendered":"<p>Deep Brain Reorienting (DBR)\u00ae Deep Brain Reorienting (DBR)\u00ae \u00e4r en trauma terapi vilken har som m\u00e5l att komma \u00e5t och bearbeta traumatiska upplevelser som givit upphov till olika symptom och lidande. Behandlingen sp\u00e5rar och kartl\u00e4gger den ursprungliga sekvensen av olika fysiologiska reaktioner som uppstod d\u00e5 strukturer i hj\u00e4rnstammen larmats om hot eller anknytningsst\u00f6rning. https:\/\/vimeo.com\/998224928 Vad [&hellip;]<\/p>\n","protected":false},"author":1,"featured_media":0,"parent":0,"menu_order":0,"comment_status":"closed","ping_status":"closed","template":"","meta":{"site-sidebar-layout":"no-sidebar","site-content-layout":"page-builder","ast-site-content-layout":"full-width-container","site-content-style":"unboxed","site-sidebar-style":"unboxed","ast-global-header-display":"","ast-banner-title-visibility":"","ast-main-header-display":"","ast-hfb-above-header-display":"","ast-hfb-below-header-display":"","ast-hfb-mobile-header-display":"","site-post-title":"disabled","ast-breadcrumbs-content":"disabled","ast-featured-img":"disabled","footer-sml-layout":"","ast-disable-related-posts":"","theme-transparent-header-meta":"enabled","adv-header-id-meta":"","stick-header-meta":"","header-above-stick-meta":"","header-main-stick-meta":"","header-below-stick-meta":"","astra-migrate-meta-layouts":"set","ast-page-background-enabled":"default","ast-page-background-meta":{"desktop":{"background-color":"","background-image":"","background-repeat":"repeat","background-position":"center center","background-size":"auto","background-attachment":"scroll","background-type":"","background-media":"","overlay-type":"","overlay-color":"","overlay-opacity":"","overlay-gradient":""},"tablet":{"background-color":"","background-image":"","background-repeat":"repeat","background-position":"center center","background-size":"auto","background-attachment":"scroll","background-type":"","background-media":"","overlay-type":"","overlay-color":"","overlay-opacity":"","overlay-gradient":""},"mobile":{"background-color":"","background-image":"","background-repeat":"repeat","background-position":"center center","background-size":"auto","background-attachment":"scroll","background-type":"","background-media":"","overlay-type":"","overlay-color":"","overlay-opacity":"","overlay-gradient":""}},"ast-content-background-meta":{"desktop":{"background-color":"var(--ast-global-color-5)","background-image":"","background-repeat":"repeat","background-position":"center center","background-size":"auto","background-attachment":"scroll","background-type":"","background-media":"","overlay-type":"","overlay-color":"","overlay-opacity":"","overlay-gradient":""},"tablet":{"background-color":"var(--ast-global-color-5)","background-image":"","background-repeat":"repeat","background-position":"center center","background-size":"auto","background-attachment":"scroll","background-type":"","background-media":"","overlay-type":"","overlay-color":"","overlay-opacity":"","overlay-gradient":""},"mobile":{"background-color":"var(--ast-global-color-5)","background-image":"","background-repeat":"repeat","background-position":"center center","background-size":"auto","background-attachment":"scroll","background-type":"","background-media":"","overlay-type":"","overlay-color":"","overlay-opacity":"","overlay-gradient":""}},"footnotes":""},"class_list":["post-494","page","type-page","status-publish","hentry"],"_links":{"self":[{"href":"https:\/\/deepbrainreorienting.se\/en\/wp-json\/wp\/v2\/pages\/494","targetHints":{"allow":["GET"]}}],"collection":[{"href":"https:\/\/deepbrainreorienting.se\/en\/wp-json\/wp\/v2\/pages"}],"about":[{"href":"https:\/\/deepbrainreorienting.se\/en\/wp-json\/wp\/v2\/types\/page"}],"author":[{"embeddable":true,"href":"https:\/\/deepbrainreorienting.se\/en\/wp-json\/wp\/v2\/users\/1"}],"replies":[{"embeddable":true,"href":"https:\/\/deepbrainreorienting.se\/en\/wp-json\/wp\/v2\/comments?post=494"}],"version-history":[{"count":92,"href":"https:\/\/deepbrainreorienting.se\/en\/wp-json\/wp\/v2\/pages\/494\/revisions"}],"predecessor-version":[{"id":1921,"href":"https:\/\/deepbrainreorienting.se\/en\/wp-json\/wp\/v2\/pages\/494\/revisions\/1921"}],"wp:attachment":[{"href":"https:\/\/deepbrainreorienting.se\/en\/wp-json\/wp\/v2\/media?parent=494"}],"curies":[{"name":"wp","href":"https:\/\/api.w.org\/{rel}","templated":true}]}}